{"id":5207,"date":"2025-08-08T17:26:59","date_gmt":"2025-08-08T15:26:59","guid":{"rendered":"https:\/\/www.idromecspa.com\/privacy\/"},"modified":"2026-04-16T17:45:30","modified_gmt":"2026-04-16T15:45:30","slug":"privacy","status":"publish","type":"page","link":"https:\/\/www.idromecspa.com\/es\/privacy\/","title":{"rendered":"Privacidad"},"content":{"rendered":"\n<p class=\"has-text-align-center\"><strong>AVISO SOBRE EL TRATAMIENTO DE DATOS PERSONALES<br>de conformidad con el art. 13 del Reglamento (UE) 2016\/679 (RGPD)<\/strong><\/p>\n\n\n\n<p>El presente aviso describe c\u00f3mo Idromec S.p.A. trata los datos personales de los usuarios que interact\u00faan con el sitio web <a href=\"http:\/\/www.idromecspa.com\/\">www.idromecspa.com<\/a> (el \u00abSitio\u00bb).<\/p>\n\n\n\n<h2 class=\"wp-block-heading\">1. Responsable del tratamiento<\/h2>\n\n\n\n<p>El Responsable del tratamiento es la empresa Idromec S.p.A., con domicilio social en Mozzecane (VR), Via Roma n.\u00ba 23; direcci\u00f3n de correo electr\u00f3nico de contacto: <a href=\"mailto:info@idromecspa.com\">info@idromecspa.com<\/a>.<\/p>\n\n\n\n<h2 class=\"wp-block-heading\">2. Tipos de datos tratados, finalidad y base jur\u00eddica<\/h2>\n\n\n\n<ol style=\"list-style-type:lower-alpha\" class=\"wp-block-list\">\n<li><strong>Datos facilitados voluntariamente por el usuario (Formulario de contacto)<br><\/strong>La cumplimentaci\u00f3n y el env\u00edo opcional, expl\u00edcito y voluntario del formulario de contacto disponible en el Sitio implica la posterior adquisici\u00f3n de los datos facilitados por el usuario (por ejemplo, nombre, apellidos, correo electr\u00f3nico, empresa, contenido del mensaje), de conformidad con el aviso espec\u00edfico proporcionado al usuario en el momento de completar el formulario.<br><\/li>\n\n\n\n<li><strong>Datos facilitados voluntariamente por el usuario (Formulario de newsletter)<\/strong><br>La suscripci\u00f3n opcional, expl\u00edcita y voluntaria al servicio de newsletter mediante el formulario correspondiente disponible en el Sitio implica la adquisici\u00f3n de la direcci\u00f3n de correo electr\u00f3nico del usuario.<br>Dicho dato se trata con fines de marketing directo, es decir, para el env\u00edo de comunicaciones promocionales e informativas sobre nuestros productos y servicios.<br>La base jur\u00eddica de este tratamiento es el consentimiento espec\u00edfico del interesado. Para m\u00e1s detalles, se remite al aviso espec\u00edfico proporcionado al usuario en el momento de la suscripci\u00f3n.<br><\/li>\n\n\n\n<li><strong>Datos recopilados mediante cookies<br><\/strong>Para el tratamiento de los datos recopilados mediante cookies, se ruega consultar la Pol\u00edtica de Cookies espec\u00edfica del Sitio.<\/li>\n<\/ol>\n\n\n\n<h2 class=\"wp-block-heading\">3. Modalidades de tratamiento, conservaci\u00f3n de los datos y derechos del interesado<\/h2>\n\n\n\n<p>Para estos aspectos, se remite a los avisos indicados en los apartados 2.a) y 2.b) anteriores.<\/p>\n\n\n\n<ol start=\"3\" class=\"wp-block-list\">\n<li><\/li>\n<\/ol>\n","protected":false},"excerpt":{"rendered":"<p>AVISO SOBRE EL TRATAMIENTO DE DATOS PERSONALESde conformidad con el art. 13 del Reglamento (UE) 2016\/679 (RGPD) El presente aviso describe c\u00f3mo Idromec S.p.A. trata los datos personales de los usuarios que interact\u00faan con el sitio web www.idromecspa.com (el \u00abSitio\u00bb). 1. Responsable del tratamiento El Responsable del tratamiento es la empresa Idromec S.p.A., con domicilio [&hellip;]<\/p>\n","protected":false},"author":1,"featured_media":0,"parent":0,"menu_order":202,"comment_status":"closed","ping_status":"closed","template":"","meta":{"inline_featured_image":false,"footnotes":""},"class_list":["post-5207","page","type-page","status-publish","hentry"],"_links":{"self":[{"href":"https:\/\/www.idromecspa.com\/es\/wp-json\/wp\/v2\/pages\/5207","targetHints":{"allow":["GET"]}}],"collection":[{"href":"https:\/\/www.idromecspa.com\/es\/wp-json\/wp\/v2\/pages"}],"about":[{"href":"https:\/\/www.idromecspa.com\/es\/wp-json\/wp\/v2\/types\/page"}],"author":[{"embeddable":true,"href":"https:\/\/www.idromecspa.com\/es\/wp-json\/wp\/v2\/users\/1"}],"replies":[{"embeddable":true,"href":"https:\/\/www.idromecspa.com\/es\/wp-json\/wp\/v2\/comments?post=5207"}],"version-history":[{"count":2,"href":"https:\/\/www.idromecspa.com\/es\/wp-json\/wp\/v2\/pages\/5207\/revisions"}],"predecessor-version":[{"id":7188,"href":"https:\/\/www.idromecspa.com\/es\/wp-json\/wp\/v2\/pages\/5207\/revisions\/7188"}],"wp:attachment":[{"href":"https:\/\/www.idromecspa.com\/es\/wp-json\/wp\/v2\/media?parent=5207"}],"curies":[{"name":"wp","href":"https:\/\/api.w.org\/{rel}","templated":true}]}}