{"id":7173,"date":"2026-04-16T09:00:20","date_gmt":"2026-04-16T07:00:20","guid":{"rendered":"https:\/\/www.idromecspa.com\/?page_id=7173"},"modified":"2026-04-16T09:42:12","modified_gmt":"2026-04-16T07:42:12","slug":"privacy-contactos","status":"publish","type":"page","link":"https:\/\/www.idromecspa.com\/es\/privacy-contactos\/","title":{"rendered":"INFORMACI\u00d3N SOBRE EL TRATAMIENTO DE LOS DATOS PERSONALES (Formulario de contacto)"},"content":{"rendered":"\n<p class=\"has-text-align-center\"><strong>de conformidad con el art. 13 del Reglamento (UE) 2016\/679 (RGPD)<\/strong><\/p>\n\n\n\n<p>Esta informaci\u00f3n es proporcionada por Idromec S.p.A., en calidad de Responsable del tratamiento, para describir las modalidades de tratamiento de los datos personales proporcionados por el usuario al rellenar los formularios de contacto presentes en nuestro sitio web.<\/p>\n\n\n\n<h2 class=\"wp-block-heading\">1. Titular del tratamiento<\/h2>\n\n\n\n<p>El Titular del tratamiento es la empresa Idromec S.p.A., con domicilio social en Mozzecane (VR), Via Roma n.\u00ba 23. Correo electr\u00f3nico de contacto: <a href=\"mailto:info@idromecspa.com\">info@idromecspa.com<\/a>.<\/p>\n\n\n\n<h2 class=\"wp-block-heading\">2. Finalidad del tratamiento y base jur\u00eddica<\/h2>\n\n\n\n<p>Los datos personales facilitados por el usuario al rellenar el formulario se utilizar\u00e1n exclusivamente para atender su solicitud de informaci\u00f3n o asistencia. La base jur\u00eddica de este tratamiento es la ejecuci\u00f3n de medidas precontractuales adoptadas a petici\u00f3n del interesado o, en su caso, de un contrato del que sea parte el interesado, en todos los casos de conformidad con el art. 6, apartado 1, letra b) del RGPD.<\/p>\n\n\n\n<h2 class=\"wp-block-heading\">3. Naturaleza del suministro de datos<\/h2>\n\n\n\n<p>El suministro de datos personales es necesario para permitirnos gestionar y responder a la solicitud del usuario. Si no proporciona los datos marcados como obligatorios, ser\u00e1 imposible enviar el formulario y, por consiguiente, no podr\u00e1 recibir nuestra respuesta.<\/p>\n\n\n\n<h2 class=\"wp-block-heading\">4. Modalidades del tratamiento y periodo de conservaci\u00f3n de los datos<\/h2>\n\n\n\n<p>El tratamiento se llevar\u00e1 a cabo con herramientas manuales y\/o inform\u00e1ticas por parte de personal autorizado, para los fines indicados y, en cualquier caso, con el fin de garantizar la seguridad y confidencialidad de los datos. Los datos se conservar\u00e1n durante el tiempo estrictamente necesario para proporcionar una respuesta completa a la solicitud del usuario, y se eliminar\u00e1n posteriormente, sin perjuicio de cualquier obligaci\u00f3n legal que imponga un plazo de conservaci\u00f3n m\u00e1s largo.<\/p>\n\n\n\n<h2 class=\"wp-block-heading\">5. Destinatarios de los datos<\/h2>\n\n\n\n<p>Los datos personales no se divulgar\u00e1n. Podr\u00e1n ser comunicados al personal interno de Idromec S.p.A., debidamente autorizado para el tratamiento, y a terceros (por ejemplo, consultores o socios t\u00e9cnicos que formen parte de nuestra red comercial) si esto es necesario para procesar plenamente la solicitud. Estos terceros actuar\u00e1n como Encargados del tratamiento de conformidad con el art. 28 del RGPD o, en algunos casos, como Responsables independientes.<\/p>\n\n\n\n<h2 class=\"wp-block-heading\">6. Derechos del interesado<\/h2>\n\n\n\n<p>En relaci\u00f3n con sus datos personales, cada interesado puede ejercer en cualquier momento los derechos previstos en los art\u00edculos 15 y siguientes del RGPD, y en particular el derecho de acceso (art. 15), para obtener la confirmaci\u00f3n de si se est\u00e1n tratando o no datos personales que le conciernen y, en tal caso, acceder a dichos datos; el derecho de rectificaci\u00f3n (art. 16), para obtener la correcci\u00f3n de los datos personales inexactos; el derecho de supresi\u00f3n (\u00abderecho al olvido\u00bb, art. 17), para obtener la supresi\u00f3n de los datos personales, en los casos previstos por la ley; el derecho de limitaci\u00f3n del tratamiento (art. 18), para obtener la limitaci\u00f3n del tratamiento; el derecho de oposici\u00f3n (art. 21), para oponerse en cualquier momento al tratamiento de los datos personales. Para ejercer estos derechos, cada usuario puede enviar una comunicaci\u00f3n a la direcci\u00f3n de correo electr\u00f3nico del Responsable: <a href=\"mailto:info@idromecspa.com\">info@idromecspa.com<\/a>. Si considera que el tratamiento de sus datos personales infringe lo dispuesto en el RGPD, el usuario tiene derecho a presentar una reclamaci\u00f3n ante la Autoridad Garante para la protecci\u00f3n de los datos personales (<a href=\"http:\/\/www.gpdp.it\/\" target=\"_blank\" rel=\"noopener\">www.gpdp.it<\/a>), como prev\u00e9 el art. 77 del propio Reglamento, o de recurrir a las instancias judiciales pertinentes.<\/p>\n","protected":false},"excerpt":{"rendered":"<p>de conformidad con el art. 13 del Reglamento (UE) 2016\/679 (RGPD) Esta informaci\u00f3n es proporcionada por Idromec S.p.A., en calidad de Responsable del tratamiento, para describir las modalidades de tratamiento de los datos personales proporcionados por el usuario al rellenar los formularios de contacto presentes en nuestro sitio web. 1. Titular del tratamiento El Titular [&hellip;]<\/p>\n","protected":false},"author":1,"featured_media":0,"parent":0,"menu_order":0,"comment_status":"closed","ping_status":"closed","template":"","meta":{"inline_featured_image":false,"footnotes":""},"class_list":["post-7173","page","type-page","status-publish","hentry"],"_links":{"self":[{"href":"https:\/\/www.idromecspa.com\/es\/wp-json\/wp\/v2\/pages\/7173","targetHints":{"allow":["GET"]}}],"collection":[{"href":"https:\/\/www.idromecspa.com\/es\/wp-json\/wp\/v2\/pages"}],"about":[{"href":"https:\/\/www.idromecspa.com\/es\/wp-json\/wp\/v2\/types\/page"}],"author":[{"embeddable":true,"href":"https:\/\/www.idromecspa.com\/es\/wp-json\/wp\/v2\/users\/1"}],"replies":[{"embeddable":true,"href":"https:\/\/www.idromecspa.com\/es\/wp-json\/wp\/v2\/comments?post=7173"}],"version-history":[{"count":1,"href":"https:\/\/www.idromecspa.com\/es\/wp-json\/wp\/v2\/pages\/7173\/revisions"}],"predecessor-version":[{"id":7174,"href":"https:\/\/www.idromecspa.com\/es\/wp-json\/wp\/v2\/pages\/7173\/revisions\/7174"}],"wp:attachment":[{"href":"https:\/\/www.idromecspa.com\/es\/wp-json\/wp\/v2\/media?parent=7173"}],"curies":[{"name":"wp","href":"https:\/\/api.w.org\/{rel}","templated":true}]}}