{"id":4647,"date":"2025-12-05T11:53:28","date_gmt":"2025-12-05T10:53:28","guid":{"rendered":"https:\/\/www.idromecspa.com\/?page_id=4647"},"modified":"2026-04-30T11:25:26","modified_gmt":"2026-04-30T09:25:26","slug":"contacts","status":"publish","type":"page","link":"https:\/\/www.idromecspa.com\/fr\/contacts\/","title":{"rendered":"Contacts"},"content":{"rendered":"\t\t<div data-elementor-type=\"wp-page\" data-elementor-id=\"4647\" class=\"elementor elementor-4647 elementor-364\" data-elementor-post-type=\"page\">\n\t\t\t\t<div class=\"elementor-element elementor-element-035aed0 e-flex e-con-boxed e-con e-parent\" data-id=\"035aed0\" data-element_type=\"container\" data-e-type=\"container\">\n\t\t\t\t\t<div class=\"e-con-inner\">\n\t\t<div class=\"elementor-element elementor-element-db75fe9 e-con-full e-flex e-con e-child\" data-id=\"db75fe9\" data-element_type=\"container\" data-e-type=\"container\">\n\t\t<div class=\"elementor-element elementor-element-3828110 e-con-full e-flex e-con e-child\" data-id=\"3828110\" data-element_type=\"container\" data-e-type=\"container\">\n\t\t\t\t<div class=\"elementor-element elementor-element-45dd2aa elementor-widget elementor-widget-heading\" data-id=\"45dd2aa\" data-element_type=\"widget\" data-e-type=\"widget\" data-widget_type=\"heading.default\">\n\t\t\t\t\t<h2 class=\"elementor-heading-title elementor-size-default\">INFO<\/h2>\t\t\t\t<\/div>\n\t\t\t\t<div class=\"elementor-element elementor-element-15813aa elementor-icon-list--layout-traditional elementor-list-item-link-full_width elementor-widget elementor-widget-icon-list\" data-id=\"15813aa\" data-element_type=\"widget\" data-e-type=\"widget\" data-widget_type=\"icon-list.default\">\n\t\t\t\t\t\t\t<ul class=\"elementor-icon-list-items\">\n\t\t\t\t\t\t\t<li class=\"elementor-icon-list-item\">\n\t\t\t\t\t\t\t\t\t\t\t<span class=\"elementor-icon-list-icon\">\n\t\t\t\t\t\t\t<svg aria-hidden=\"true\" class=\"e-font-icon-svg e-fas-map-marker-alt\" viewBox=\"0 0 384 512\" xmlns=\"http:\/\/www.w3.org\/2000\/svg\"><path d=\"M172.268 501.67C26.97 291.031 0 269.413 0 192 0 85.961 85.961 0 192 0s192 85.961 192 192c0 77.413-26.97 99.031-172.268 309.67-9.535 13.774-29.93 13.773-39.464 0zM192 272c44.183 0 80-35.817 80-80s-35.817-80-80-80-80 35.817-80 80 35.817 80 80 80z\"><\/path><\/svg>\t\t\t\t\t\t<\/span>\n\t\t\t\t\t\t\t\t\t\t<span class=\"elementor-icon-list-text\">Via Roma, 23 - 37060 Mozzecane (VR)<\/span>\n\t\t\t\t\t\t\t\t\t<\/li>\n\t\t\t\t\t\t\t\t<li class=\"elementor-icon-list-item\">\n\t\t\t\t\t\t\t\t\t\t\t<a href=\"tel:+390457930179\">\n\n\t\t\t\t\t\t\t\t\t\t\t\t<span class=\"elementor-icon-list-icon\">\n\t\t\t\t\t\t\t<svg aria-hidden=\"true\" class=\"e-font-icon-svg e-fas-phone-alt\" viewBox=\"0 0 512 512\" xmlns=\"http:\/\/www.w3.org\/2000\/svg\"><path d=\"M497.39 361.8l-112-48a24 24 0 0 0-28 6.9l-49.6 60.6A370.66 370.66 0 0 1 130.6 204.11l60.6-49.6a23.94 23.94 0 0 0 6.9-28l-48-112A24.16 24.16 0 0 0 122.6.61l-104 24A24 24 0 0 0 0 48c0 256.5 207.9 464 464 464a24 24 0 0 0 23.4-18.6l24-104a24.29 24.29 0 0 0-14.01-27.6z\"><\/path><\/svg>\t\t\t\t\t\t<\/span>\n\t\t\t\t\t\t\t\t\t\t<span class=\"elementor-icon-list-text\">+39 045 7930179<\/span>\n\t\t\t\t\t\t\t\t\t\t\t<\/a>\n\t\t\t\t\t\t\t\t\t<\/li>\n\t\t\t\t\t\t\t\t<li class=\"elementor-icon-list-item\">\n\t\t\t\t\t\t\t\t\t\t\t<a href=\"tel:+390457930179\">\n\n\t\t\t\t\t\t\t\t\t\t\t\t<span class=\"elementor-icon-list-icon\">\n\t\t\t\t\t\t\t<svg aria-hidden=\"true\" class=\"e-font-icon-svg e-fas-fax\" viewBox=\"0 0 512 512\" xmlns=\"http:\/\/www.w3.org\/2000\/svg\"><path d=\"M480 160V77.25a32 32 0 0 0-9.38-22.63L425.37 9.37A32 32 0 0 0 402.75 0H160a32 32 0 0 0-32 32v448a32 32 0 0 0 32 32h320a32 32 0 0 0 32-32V192a32 32 0 0 0-32-32zM288 432a16 16 0 0 1-16 16h-32a16 16 0 0 1-16-16v-32a16 16 0 0 1 16-16h32a16 16 0 0 1 16 16zm0-128a16 16 0 0 1-16 16h-32a16 16 0 0 1-16-16v-32a16 16 0 0 1 16-16h32a16 16 0 0 1 16 16zm128 128a16 16 0 0 1-16 16h-32a16 16 0 0 1-16-16v-32a16 16 0 0 1 16-16h32a16 16 0 0 1 16 16zm0-128a16 16 0 0 1-16 16h-32a16 16 0 0 1-16-16v-32a16 16 0 0 1 16-16h32a16 16 0 0 1 16 16zm0-112H192V64h160v48a16 16 0 0 0 16 16h48zM64 128H32a32 32 0 0 0-32 32v320a32 32 0 0 0 32 32h32a32 32 0 0 0 32-32V160a32 32 0 0 0-32-32z\"><\/path><\/svg>\t\t\t\t\t\t<\/span>\n\t\t\t\t\t\t\t\t\t\t<span class=\"elementor-icon-list-text\">+39 045 7930600<\/span>\n\t\t\t\t\t\t\t\t\t\t\t<\/a>\n\t\t\t\t\t\t\t\t\t<\/li>\n\t\t\t\t\t\t\t\t<li class=\"elementor-icon-list-item\">\n\t\t\t\t\t\t\t\t\t\t\t<span class=\"elementor-icon-list-icon\">\n\t\t\t\t\t\t\t<svg aria-hidden=\"true\" class=\"e-font-icon-svg e-far-clock\" viewBox=\"0 0 512 512\" xmlns=\"http:\/\/www.w3.org\/2000\/svg\"><path d=\"M256 8C119 8 8 119 8 256s111 248 248 248 248-111 248-248S393 8 256 8zm0 448c-110.5 0-200-89.5-200-200S145.5 56 256 56s200 89.5 200 200-89.5 200-200 200zm61.8-104.4l-84.9-61.7c-3.1-2.3-4.9-5.9-4.9-9.7V116c0-6.6 5.4-12 12-12h32c6.6 0 12 5.4 12 12v141.7l66.8 48.6c5.4 3.9 6.5 11.4 2.6 16.8L334.6 349c-3.9 5.3-11.4 6.5-16.8 2.6z\"><\/path><\/svg>\t\t\t\t\t\t<\/span>\n\t\t\t\t\t\t\t\t\t\t<span class=\"elementor-icon-list-text\">8:00 \u2013 12:00 | 14:00 \u2013 18:00<\/span>\n\t\t\t\t\t\t\t\t\t<\/li>\n\t\t\t\t\t\t\t\t<li class=\"elementor-icon-list-item\">\n\t\t\t\t\t\t\t\t\t\t\t<span class=\"elementor-icon-list-icon\">\n\t\t\t\t\t\t\t<svg aria-hidden=\"true\" class=\"e-font-icon-svg e-fas-file-alt\" viewBox=\"0 0 384 512\" xmlns=\"http:\/\/www.w3.org\/2000\/svg\"><path d=\"M224 136V0H24C10.7 0 0 10.7 0 24v464c0 13.3 10.7 24 24 24h336c13.3 0 24-10.7 24-24V160H248c-13.2 0-24-10.8-24-24zm64 236c0 6.6-5.4 12-12 12H108c-6.6 0-12-5.4-12-12v-8c0-6.6 5.4-12 12-12h168c6.6 0 12 5.4 12 12v8zm0-64c0 6.6-5.4 12-12 12H108c-6.6 0-12-5.4-12-12v-8c0-6.6 5.4-12 12-12h168c6.6 0 12 5.4 12 12v8zm0-72v8c0 6.6-5.4 12-12 12H108c-6.6 0-12-5.4-12-12v-8c0-6.6 5.4-12 12-12h168c6.6 0 12 5.4 12 12zm96-114.1v6.1H256V0h6.1c6.4 0 12.5 2.5 17 7l97.9 98c4.5 4.5 7 10.6 7 16.9z\"><\/path><\/svg>\t\t\t\t\t\t<\/span>\n\t\t\t\t\t\t\t\t\t\t<span class=\"elementor-icon-list-text\">P.I. 02254990233<\/span>\n\t\t\t\t\t\t\t\t\t<\/li>\n\t\t\t\t\t\t<\/ul>\n\t\t\t\t\t\t<\/div>\n\t\t\t\t<\/div>\n\t\t<div class=\"elementor-element elementor-element-187e67d e-con-full e-flex e-con e-child\" data-id=\"187e67d\" data-element_type=\"container\" data-e-type=\"container\">\n\t\t\t\t<div class=\"elementor-element elementor-element-c6f0a45 elementor-widget elementor-widget-heading\" data-id=\"c6f0a45\" data-element_type=\"widget\" data-e-type=\"widget\" data-widget_type=\"heading.default\">\n\t\t\t\t\t<h2 class=\"elementor-heading-title elementor-size-default\">Contactez nous<\/h2>\t\t\t\t<\/div>\n\t\t\t\t<div class=\"elementor-element elementor-element-2b20c3e elementor-widget elementor-widget-text-editor\" data-id=\"2b20c3e\" data-element_type=\"widget\" data-e-type=\"widget\" data-widget_type=\"text-editor.default\">\n\t\t\t\t\t\t\t\t\t<p>pour plus d\u2019informations, veuillez remplir le formulaire suivant.<\/p>\t\t\t\t\t\t\t\t<\/div>\n\t\t\t\t<div class=\"elementor-element elementor-element-b4d6756 fluentform-widget-submit-button-custom elementor-widget elementor-widget-fluent-form-widget\" data-id=\"b4d6756\" data-element_type=\"widget\" data-e-type=\"widget\" data-widget_type=\"fluent-form-widget.default\">\n\t\t\t\t<div class=\"elementor-widget-container\">\n\t\t\t\t\t\n            <div class=\"fluentform-widget-wrapper fluentform-widget-align-default\">\n\n            \n            <div class='fluentform ff-default fluentform_wrapper_17 ffs_default_wrap'><form data-form_id=\"17\" id=\"fluentform_17\" class=\"frm-fluent-form fluent_form_17 ff-el-form-top ff_form_instance_17_1 ff-form-loading ffs_default\" data-form_instance=\"ff_form_instance_17_1\" method=\"POST\" ><fieldset  style=\"border: none!important;margin: 0!important;padding: 0!important;background-color: transparent!important;box-shadow: none!important;outline: none!important; min-inline-size: 100%;\">\n                    <legend class=\"ff_screen_reader_title\" style=\"display: block; margin: 0!important;padding: 0!important;height: 0!important;text-indent: -999999px;width: 0!important;overflow:hidden;\">Form Contatti [FR]<\/legend><input type='hidden' name='__fluent_form_embded_post_id' value='4647' \/><input type=\"hidden\" id=\"_fluentform_17_fluentformnonce\" name=\"_fluentform_17_fluentformnonce\" value=\"8a1830839e\" \/><input type=\"hidden\" name=\"_wp_http_referer\" value=\"\/fr\/wp-json\/wp\/v2\/pages\/4647\" \/><input type=\"hidden\" name=\"page_title\" data-name=\"page_title\" ><div data-name=\"ff_cn_id_1\"  class='ff-t-container ff-column-container ff_columns_total_2 '><div class='ff-t-cell ff-t-column-1' style='flex-basis: 50%;'><div class='ff-el-group'><div class=\"ff-el-input--label ff-el-is-required asterisk-right\"><label for='ff_17_name' id='label_ff_17_name' >Pr\u00e9nom<\/label><\/div><div class='ff-el-input--content'><input type=\"text\" name=\"name\" class=\"ff-el-form-control\" placeholder=\" \" data-name=\"name\" required=\"required\" autocomplete=\"given-name\" id=\"ff_17_name\"  aria-invalid=\"false\" aria-required=true><\/div><\/div><\/div><div class='ff-t-cell ff-t-column-2' style='flex-basis: 50%;'><div class='ff-el-group'><div class=\"ff-el-input--label ff-el-is-required asterisk-right\"><label for='ff_17_family_name' id='label_ff_17_family_name' >Nom<\/label><\/div><div class='ff-el-input--content'><input type=\"text\" name=\"family_name\" class=\"ff-el-form-control\" placeholder=\" \" data-name=\"family_name\" required=\"required\" autocomplete=\"family-name\" id=\"ff_17_family_name\"  aria-invalid=\"false\" aria-required=true><\/div><\/div><\/div><\/div><div data-name=\"ff_cn_id_2\"  class='ff-t-container ff-column-container ff_columns_total_2 '><div class='ff-t-cell ff-t-column-1' style='flex-basis: 50%;'><div class='ff-el-group'><div class=\"ff-el-input--label ff-el-is-required asterisk-right\"><label for='ff_17_company' id='label_ff_17_company' aria-label=\"Entreprise\">Entreprise<\/label><\/div><div class='ff-el-input--content'><input type=\"text\" name=\"company\" class=\"ff-el-form-control\" placeholder=\" \" data-name=\"company\" required=\"required\" autocomplete=\"organization\" id=\"ff_17_company\"  aria-invalid=\"false\" aria-required=true><\/div><\/div><\/div><div class='ff-t-cell ff-t-column-2' style='flex-basis: 50%;'><div class='ff-el-group'><div class=\"ff-el-input--label ff-el-is-required asterisk-right\"><label for='ff_17_city' id='label_ff_17_city' aria-label=\"Ville\">Ville<\/label><\/div><div class='ff-el-input--content'><input type=\"text\" name=\"city\" class=\"ff-el-form-control\" placeholder=\" \" data-name=\"city\" required=\"required\" autocomplete=\"address-level2\" id=\"ff_17_city\"  aria-invalid=\"false\" aria-required=true><\/div><\/div><\/div><\/div><div data-name=\"ff_cn_id_3\"  class='ff-t-container ff-column-container ff_columns_total_2 '><div class='ff-t-cell ff-t-column-1' style='flex-basis: 50%;'><div class='ff-el-group'><div class=\"ff-el-input--label ff-el-is-required asterisk-right\"><label for='ff_17_prov' id='label_ff_17_prov' aria-label=\"Province\">Province<\/label><\/div><div class='ff-el-input--content'><select name=\"prov\" id=\"ff_17_prov\" class=\"ff-el-form-control\" data-name=\"prov\" required=\"required\" autocomplete=\"address-level1\" data-calc_value=\"0\"  aria-invalid=\"false\" aria-required=\"true\" aria-labelledby=\"label_ff_17_prov\"><option value=\"Agrigento\"  >Agrigento<\/option><option value=\"Alessandria\"  >Alessandria<\/option><option value=\"Ancona\"  >Ancona<\/option><option value=\"Aosta\"  >Aosta<\/option><option value=\"Arezzo\"  >Arezzo<\/option><option value=\"Ascoli Piceno\"  >Ascoli Piceno<\/option><option value=\"Asti\"  >Asti<\/option><option value=\"Avellino\"  >Avellino<\/option><option value=\"Bari\"  >Bari<\/option><option value=\"Barletta-Andria-Trani\"  >Barletta-Andria-Trani<\/option><option value=\"Belluno\"  >Belluno<\/option><option value=\"Benevento\"  >Benevento<\/option><option value=\"Bergamo\"  >Bergamo<\/option><option value=\"Biella\"  >Biella<\/option><option value=\"Bologna\"  >Bologna<\/option><option value=\"Bolzano\"  >Bolzano<\/option><option value=\"Brescia\"  >Brescia<\/option><option value=\"Brindisi\"  >Brindisi<\/option><option value=\"Cagliari\"  >Cagliari<\/option><option value=\"Caltanissetta\"  >Caltanissetta<\/option><option value=\"Campobasso\"  >Campobasso<\/option><option value=\"Carbonia-Iglesias\"  >Carbonia-Iglesias<\/option><option value=\"Caserta\"  >Caserta<\/option><option value=\"Catania\"  >Catania<\/option><option value=\"Catanzaro\"  >Catanzaro<\/option><option value=\"Chieti\"  >Chieti<\/option><option value=\"Como\"  >Como<\/option><option value=\"Cosenza\"  >Cosenza<\/option><option value=\"Cremona\"  >Cremona<\/option><option value=\"Crotone\"  >Crotone<\/option><option value=\"Cuneo\"  >Cuneo<\/option><option value=\"Enna\"  >Enna<\/option><option value=\"Fermo\"  >Fermo<\/option><option value=\"Ferrara\"  >Ferrara<\/option><option value=\"Firenze\"  >Firenze<\/option><option value=\"Foggia\"  >Foggia<\/option><option value=\"Forl\u00ec-Cesena\"  >Forl\u00ec-Cesena<\/option><option value=\"Frosinone\"  >Frosinone<\/option><option value=\"Genova\"  >Genova<\/option><option value=\"Gorizia\"  >Gorizia<\/option><option value=\"Grosseto\"  >Grosseto<\/option><option value=\"Imperia\"  >Imperia<\/option><option value=\"Isernia\"  >Isernia<\/option><option value=\"La Spezia\"  >La Spezia<\/option><option value=\"L&#039;Aquila\"  >L'Aquila<\/option><option value=\"Latina\"  >Latina<\/option><option value=\"Lecce\"  >Lecce<\/option><option value=\"Lecco\"  >Lecco<\/option><option value=\"Livorno\"  >Livorno<\/option><option value=\"Lodi\"  >Lodi<\/option><option value=\"Lucca\"  >Lucca<\/option><option value=\"Macerata\"  >Macerata<\/option><option value=\"Mantova\"  >Mantova<\/option><option value=\"Massa e Carrara\"  >Massa e Carrara<\/option><option value=\"Matera\"  >Matera<\/option><option value=\"Medio Campidano\"  >Medio Campidano<\/option><option value=\"Messina\"  >Messina<\/option><option value=\"Milano\"  >Milano<\/option><option value=\"Modena\"  >Modena<\/option><option value=\"Monza e Brianza\"  >Monza e Brianza<\/option><option value=\"Napoli\"  >Napoli<\/option><option value=\"Novara\"  >Novara<\/option><option value=\"Nuoro\"  >Nuoro<\/option><option value=\"Ogliastra\"  >Ogliastra<\/option><option value=\"Olbia-Tempio\"  >Olbia-Tempio<\/option><option value=\"Oristano\"  >Oristano<\/option><option value=\"Padova\"  >Padova<\/option><option value=\"Palermo\"  >Palermo<\/option><option value=\"Parma\"  >Parma<\/option><option value=\"Pavia\"  >Pavia<\/option><option value=\"Perugia\"  >Perugia<\/option><option value=\"Pesaro e Urbino\"  >Pesaro e Urbino<\/option><option value=\"Pescara\"  >Pescara<\/option><option value=\"Piacenza\"  >Piacenza<\/option><option value=\"Pisa\"  >Pisa<\/option><option value=\"Pistoia\"  >Pistoia<\/option><option value=\"Pordenone\"  >Pordenone<\/option><option value=\"Potenza\"  >Potenza<\/option><option value=\"Prato\"  >Prato<\/option><option value=\"Ragusa\"  >Ragusa<\/option><option value=\"Ravenna\"  >Ravenna<\/option><option value=\"Reggio Calabria\"  >Reggio Calabria<\/option><option value=\"Reggio Emilia\"  >Reggio Emilia<\/option><option value=\"Rieti\"  >Rieti<\/option><option value=\"Rimini\"  >Rimini<\/option><option value=\"Roma\"  >Roma<\/option><option value=\"Rovigo\"  >Rovigo<\/option><option value=\"Salerno\"  >Salerno<\/option><option value=\"Sassari\"  >Sassari<\/option><option value=\"Savona\"  >Savona<\/option><option value=\"Siena\"  >Siena<\/option><option value=\"Siracusa\"  >Siracusa<\/option><option value=\"Sondrio\"  >Sondrio<\/option><option value=\"Taranto\"  >Taranto<\/option><option value=\"Teramo\"  >Teramo<\/option><option value=\"Terni\"  >Terni<\/option><option value=\"Tornino\"  >Tornino<\/option><option value=\"Trapani\"  >Trapani<\/option><option value=\"Trento\"  >Trento<\/option><option value=\"Treviso\"  >Treviso<\/option><option value=\"Trieste\"  >Trieste<\/option><option value=\"Udine\"  >Udine<\/option><option value=\"Varese\"  >Varese<\/option><option value=\"Venezia\"  >Venezia<\/option><option value=\"Verbano-Cusio-Ossola\"  >Verbano-Cusio-Ossola<\/option><option value=\"Vercelli\"  >Vercelli<\/option><option value=\"Verona\"  >Verona<\/option><option value=\"Vibo Valentia\"  >Vibo Valentia<\/option><option value=\"Vicenza\"  >Vicenza<\/option><option value=\"Viterbo\"  >Viterbo<\/option><\/select><\/div><\/div><\/div><div class='ff-t-cell ff-t-column-2' style='flex-basis: 50%;'><div class='ff-el-group'><div class=\"ff-el-input--label ff-el-is-required asterisk-right\"><label for='ff_17_nation' id='label_ff_17_nation' aria-label=\"Pays\">Pays<\/label><\/div><div class='ff-el-input--content'><input type=\"email\" name=\"nation\" id=\"ff_17_nation\" class=\"ff-el-form-control\" placeholder=\" \" data-name=\"nation\" required=\"required\" autocomplete=\"off\"  aria-invalid=\"false\" aria-required=true><\/div><\/div><\/div><\/div><div data-name=\"ff_cn_id_4\"  class='ff-t-container ff-column-container ff_columns_total_2 '><div class='ff-t-cell ff-t-column-1' style='flex-basis: 50%;'><div class='ff-el-group'><div class=\"ff-el-input--label ff-el-is-required asterisk-right\"><label for='ff_17_email' id='label_ff_17_email' aria-label=\"E-mail\">E-mail<\/label><\/div><div class='ff-el-input--content'><input type=\"email\" name=\"email\" id=\"ff_17_email\" class=\"ff-el-form-control\" placeholder=\" \" data-name=\"email\" required=\"required\" autocomplete=\"email\"  aria-invalid=\"false\" aria-required=true><\/div><\/div><\/div><div class='ff-t-cell ff-t-column-2' style='flex-basis: 50%;'><div class='ff-el-group'><div class=\"ff-el-input--label ff-el-is-required asterisk-right\"><label for='ff_17_phone' id='label_ff_17_phone' aria-label=\"T\u00e9l\u00e9phone\">T\u00e9l\u00e9phone<\/label><\/div><div class='ff-el-input--content'><input type=\"text\" name=\"phone\" class=\"ff-el-form-control\" placeholder=\" \" data-name=\"phone\" required=\"required\" autocomplete=\"tel\" id=\"ff_17_phone\"  aria-invalid=\"false\" aria-required=true><\/div><\/div><\/div><\/div><div data-name=\"ff_cn_id_5\"  class='ff-t-container ff-column-container ff_columns_total_1 '><div class='ff-t-cell ff-t-column-1' style='flex-basis: 100%;'><div class='ff-el-group'><div class=\"ff-el-input--label ff-el-is-required asterisk-right\"><label for='ff_17_source' id='label_ff_17_source' aria-label=\"Vous nous avez connus par:\">Vous nous avez connus par:<\/label><\/div><div class='ff-el-input--content'><select name=\"source\" id=\"ff_17_source\" class=\"ff-el-form-control\" data-name=\"source\" required=\"required\" autocomplete=\"off\" data-calc_value=\"0\"  aria-invalid=\"false\" aria-required=\"true\" aria-labelledby=\"label_ff_17_source\"><option value=\"Revues\"  >Revues<\/option><option value=\"Salons\"  >Salons<\/option><option value=\"Internet\"  >Internet<\/option><option value=\"Recommand\u00e9 par un ami\"  >Recommand\u00e9 par un ami<\/option><option value=\"Agent Idromec\"  >Agent Idromec<\/option><\/select><\/div><\/div><\/div><\/div><div class='ff-el-group'><div class=\"ff-el-input--label ff-el-is-required asterisk-right\"><label for='ff_17_message' id='label_ff_17_message' aria-label=\"Messagge\">Messagge<\/label><\/div><div class='ff-el-input--content'><textarea aria-required=\"true\" aria-labelledby=\"label_ff_17_message\" name=\"message\" id=\"ff_17_message\" class=\"ff-el-form-control\" placeholder=\" \" rows=\"6\" cols=\"2\" data-name=\"message\" required=\"required\" autocomplete=\"off\" ><\/textarea><\/div><\/div><div data-name=\"ff_cn_id_6\"  class='ff-t-container ff-column-container ff_columns_total_1 '><div class='ff-t-cell ff-t-column-1' style='flex-basis: 100%;'><div class='ff-el-group  ff-custom_html' tabindex='-1' data-name=\"custom_html-17_1\" ><p><a href=\"\/fr\/privacy-contacts\/\">Lire la note d\u2019information sur la confidentialit\u00e9<\/a><\/p><\/div><div class='ff-el-group    ff-el-input--content'><div class='ff-el-form-check ff-el-tc'><label aria-label='En envoyant la demande, je confirme avoir pris connaissance de la note d\u2019information sur la confidentialit\u00e9' class='ff-el-form-check-label ff_tc_label' for=terms-n-condition_83d1d6e62632a3a06c6d361d80a394b6><span class='ff_tc_checkbox'><input type=\"checkbox\" name=\"terms-n-condition\" class=\"ff-el-form-check-input\" data-name=\"terms-n-condition\" required=\"required\" autocomplete=\"off\" id=\"terms-n-condition_83d1d6e62632a3a06c6d361d80a394b6\"  value='on' aria-invalid='false' aria-required=true><\/span> <div class='ff_t_c'><p>En envoyant la demande, je confirme avoir pris connaissance de la note d\u2019information sur la confidentialit\u00e9<\/p><\/div><\/label><\/div><\/div><\/div><\/div><div class='ff-el-group ff-text-left ff_submit_btn_wrapper'><button type=\"submit\" class=\"idromecbutton ib_animation ib_style1 ib_medium\" id=\"fluentform_submit_17\" aria-label=\"Envoyer la demande d\u2019informations\"><span class=\"lines\"><span class=\"line\"><\/span><span class=\"line\"><\/span><span class=\"line\"><\/span><span class=\"line\"><\/span><\/span><span class=\"label\">Contactez nous<\/span><\/a><\/div><\/fieldset><\/form><div id='fluentform_17_errors' class='ff-errors-in-stack ff_form_instance_17_1 ff-form-loading_errors ff_form_instance_17_1_errors'><\/div><\/div>            <script type=\"text\/javascript\">\n                window.fluent_form_ff_form_instance_17_1 = {\"id\":\"17\",\"ajaxUrl\":\"https:\\\/\\\/www.idromecspa.com\\\/wp-admin\\\/admin-ajax.php\",\"settings\":{\"layout\":{\"labelPlacement\":\"top\",\"asteriskPlacement\":\"asterisk-right\",\"helpMessagePlacement\":\"with_label\",\"errorMessagePlacement\":\"inline\",\"cssClassName\":\"\"},\"restrictions\":{\"denyEmptySubmission\":{\"enabled\":false}}},\"form_instance\":\"ff_form_instance_17_1\",\"form_id_selector\":\"fluentform_17\",\"rules\":{\"name\":{\"required\":{\"value\":true,\"message\":\"Dieses Feld ist erforderlich\",\"global_message\":\"Dieses Feld ist erforderlich\",\"global\":true}},\"family_name\":{\"required\":{\"value\":true,\"message\":\"Dieses Feld ist erforderlich\",\"global_message\":\"Dieses Feld ist erforderlich\",\"global\":true}},\"company\":{\"required\":{\"value\":true,\"message\":\"Dieses Feld ist erforderlich\",\"global_message\":\"Dieses Feld ist erforderlich\",\"global\":true}},\"city\":{\"required\":{\"value\":true,\"message\":\"Dieses Feld ist erforderlich\",\"global_message\":\"Dieses Feld ist erforderlich\",\"global\":true}},\"prov\":{\"required\":{\"value\":true,\"message\":\"Dieses Feld ist erforderlich\",\"global_message\":\"Dieses Feld ist erforderlich\",\"global\":true}},\"nation\":{\"required\":{\"value\":true,\"message\":\"Dieses Feld ist erforderlich\",\"global_message\":\"Dieses Feld ist erforderlich\",\"global\":true},\"email\":{\"value\":true,\"message\":\"Dieses Feld muss eine g\\u00fcltige E-Mail-Adresse enthalten\",\"global_message\":\"Dieses Feld muss eine g\\u00fcltige E-Mail-Adresse enthalten\",\"global\":true}},\"email\":{\"required\":{\"value\":true,\"message\":\"Dieses Feld ist erforderlich\",\"global_message\":\"Dieses Feld ist erforderlich\",\"global\":true},\"email\":{\"value\":true,\"message\":\"Dieses Feld muss eine g\\u00fcltige E-Mail-Adresse enthalten\",\"global_message\":\"Dieses Feld muss eine g\\u00fcltige E-Mail-Adresse enthalten\",\"global\":true}},\"phone\":{\"required\":{\"value\":true,\"message\":\"Dieses Feld ist erforderlich\",\"global_message\":\"Dieses Feld ist erforderlich\",\"global\":true}},\"source\":{\"required\":{\"value\":true,\"message\":\"Dieses Feld ist erforderlich\",\"global_message\":\"Dieses Feld ist erforderlich\",\"global\":true}},\"message\":{\"required\":{\"value\":true,\"message\":\"Dieses Feld ist erforderlich\",\"global\":true,\"global_message\":\"Dieses Feld ist erforderlich\"}},\"terms-n-condition\":{\"required\":{\"value\":true,\"message\":\"Dieses Feld ist erforderlich\",\"global_message\":\"Dieses Feld ist erforderlich\",\"global\":true}}},\"debounce_time\":300};\n                            <\/script>\n                        <\/div>\n\n            \t\t\t\t<\/div>\n\t\t\t\t<\/div>\n\t\t\t\t<\/div>\n\t\t\t\t<\/div>\n\t\t\t\t\t<\/div>\n\t\t\t\t<\/div>\n\t\t\t\t<\/div>\n\t\t","protected":false},"excerpt":{"rendered":"<p>INFO Via Roma, 23 &#8211; 37060 Mozzecane (VR) +39 045 7930179 +39 045 7930600 8:00 \u2013 12:00 | 14:00 \u2013 18:00 P.I. 02254990233 Contactez nous pour plus d\u2019informations, veuillez remplir le formulaire suivant. Form Contatti [FR] Pr\u00e9nomNomEntrepriseVilleProvinceAgrigentoAlessandriaAnconaAostaArezzoAscoli PicenoAstiAvellinoBariBarletta-Andria-TraniBellunoBeneventoBergamoBiellaBolognaBolzanoBresciaBrindisiCagliariCaltanissettaCampobassoCarbonia-IglesiasCasertaCataniaCatanzaroChietiComoCosenzaCremonaCrotoneCuneoEnnaFermoFerraraFirenzeFoggiaForl\u00ec-CesenaFrosinoneGenovaGoriziaGrossetoImperiaIserniaLa SpeziaL&rsquo;AquilaLatinaLecceLeccoLivornoLodiLuccaMacerataMantovaMassa e CarraraMateraMedio CampidanoMessinaMilanoModenaMonza e BrianzaNapoliNovaraNuoroOgliastraOlbia-TempioOristanoPadovaPalermoParmaPaviaPerugiaPesaro e UrbinoPescaraPiacenzaPisaPistoiaPordenonePotenzaPratoRagusaRavennaReggio CalabriaReggio EmiliaRietiRiminiRomaRovigoSalernoSassariSavonaSienaSiracusaSondrioTarantoTeramoTerniTorninoTrapaniTrentoTrevisoTriesteUdineVareseVeneziaVerbano-Cusio-OssolaVercelliVeronaVibo ValentiaVicenzaViterboPaysE-mailT\u00e9l\u00e9phoneVous nous avez connus par:RevuesSalonsInternetRecommand\u00e9 par un [&hellip;]<\/p>\n","protected":false},"author":1,"featured_media":3890,"parent":0,"menu_order":6,"comment_status":"closed","ping_status":"closed","template":"","meta":{"inline_featured_image":false,"footnotes":""},"class_list":["post-4647","page","type-page","status-publish","has-post-thumbnail","hentry"],"_links":{"self":[{"href":"https:\/\/www.idromecspa.com\/fr\/wp-json\/wp\/v2\/pages\/4647","targetHints":{"allow":["GET"]}}],"collection":[{"href":"https:\/\/www.idromecspa.com\/fr\/wp-json\/wp\/v2\/pages"}],"about":[{"href":"https:\/\/www.idromecspa.com\/fr\/wp-json\/wp\/v2\/types\/page"}],"author":[{"embeddable":true,"href":"https:\/\/www.idromecspa.com\/fr\/wp-json\/wp\/v2\/users\/1"}],"replies":[{"embeddable":true,"href":"https:\/\/www.idromecspa.com\/fr\/wp-json\/wp\/v2\/comments?post=4647"}],"version-history":[{"count":3,"href":"https:\/\/www.idromecspa.com\/fr\/wp-json\/wp\/v2\/pages\/4647\/revisions"}],"predecessor-version":[{"id":7355,"href":"https:\/\/www.idromecspa.com\/fr\/wp-json\/wp\/v2\/pages\/4647\/revisions\/7355"}],"wp:featuredmedia":[{"embeddable":true,"href":"https:\/\/www.idromecspa.com\/fr\/wp-json\/wp\/v2\/media\/3890"}],"wp:attachment":[{"href":"https:\/\/www.idromecspa.com\/fr\/wp-json\/wp\/v2\/media?parent=4647"}],"curies":[{"name":"wp","href":"https:\/\/api.w.org\/{rel}","templated":true}]}}