{"id":4686,"date":"2025-12-05T14:45:53","date_gmt":"2025-12-05T13:45:53","guid":{"rendered":"https:\/\/www.idromecspa.com\/?page_id=4686"},"modified":"2026-02-10T15:10:51","modified_gmt":"2026-02-10T14:10:51","slug":"presses-cisailles","status":"publish","type":"page","link":"https:\/\/www.idromecspa.com\/fr\/presses-cisailles\/","title":{"rendered":"Presses cisailles"},"content":{"rendered":"\t\t<div data-elementor-type=\"wp-page\" data-elementor-id=\"4686\" class=\"elementor elementor-4686 elementor-272\" data-elementor-post-type=\"page\">\n\t\t\t\t<div class=\"elementor-element elementor-element-3dcc93b7 e-flex e-con-boxed e-con e-parent\" data-id=\"3dcc93b7\" data-element_type=\"container\" data-e-type=\"container\">\n\t\t\t\t\t<div class=\"e-con-inner\">\n\t\t\t\t<div class=\"elementor-element elementor-element-7b0c0b96 elementor-widget elementor-widget-text-editor\" data-id=\"7b0c0b96\" data-element_type=\"widget\" data-e-type=\"widget\" data-widget_type=\"text-editor.default\">\n\t\t\t\t\t\t\t\t\t<p>Toutes nos presses cisailles sont con\u00e7ues et r\u00e9alis\u00e9es pour offrir le meilleur en termes de performances, de service et de disponibilit\u00e9 des pi\u00e8ces de rechange. Ce sont les objectifs principaux que nous fixons pour chaque presse cisaille et pour chaque nouveau mod\u00e8le, afin de vous garantir une <strong>productivit\u00e9 maximale au co\u00fbt le plus bas possible<\/strong>.<\/p>\t\t\t\t\t\t\t\t<\/div>\n\t\t\t\t\t<\/div>\n\t\t\t\t<\/div>\n\t\t<div class=\"elementor-element elementor-element-49b5620 e-grid e-con-boxed e-con e-parent\" data-id=\"49b5620\" data-element_type=\"container\" data-e-type=\"container\">\n\t\t\t\t\t<div class=\"e-con-inner\">\n\t\t<div class=\"elementor-element elementor-element-8662ca7 e-con-full e-flex e-con e-child\" data-id=\"8662ca7\" data-element_type=\"container\" data-e-type=\"container\">\n\t\t\t\t<div class=\"elementor-element elementor-element-377471e elementor-widget elementor-widget-idromec_product_card\" data-id=\"377471e\" data-element_type=\"widget\" data-e-type=\"widget\" data-widget_type=\"idromec_product_card.default\">\n\t\t\t\t<div class=\"elementor-widget-container\">\n\t\t\t\t\t    <a class=\"idromeccard  ib_animation\" href=\"https:\/\/www.idromecspa.com\/fr\/presses-cisailles\/presses-cisailles-slk\/\">\r\n      <img fetchpriority=\"high\" decoding=\"async\" width=\"650\" height=\"450\" src=\"https:\/\/www.idromecspa.com\/wp-content\/uploads\/2025\/07\/scrap-shear-balers-slk-series-idromec-spa-recycling-yard.webp\" class=\"attachment-idromec-product-card size-idromec-product-card\" alt=\"Presse cesoia serie CLS Idromec S.p.A. in vista 3\/4 esterna in un impianto.\" srcset=\"https:\/\/www.idromecspa.com\/wp-content\/uploads\/2025\/07\/scrap-shear-balers-slk-series-idromec-spa-recycling-yard.webp 650w, https:\/\/www.idromecspa.com\/wp-content\/uploads\/2025\/07\/scrap-shear-balers-slk-series-idromec-spa-recycling-yard-300x208.webp 300w\" sizes=\"(max-width: 650px) 100vw, 650px\" \/>      <span class=\"label\">Presses cisailles SLK<\/span>\r\n    <\/a>\r\n\t\t\t\t<\/div>\n\t\t\t\t<\/div>\n\t\t\t\t<\/div>\n\t\t<div class=\"elementor-element elementor-element-5d8af4d e-con-full e-flex e-con e-child\" data-id=\"5d8af4d\" data-element_type=\"container\" data-e-type=\"container\">\n\t\t\t\t<div class=\"elementor-element elementor-element-90bb91f elementor-widget elementor-widget-idromec_product_card\" data-id=\"90bb91f\" data-element_type=\"widget\" data-e-type=\"widget\" data-widget_type=\"idromec_product_card.default\">\n\t\t\t\t<div class=\"elementor-widget-container\">\n\t\t\t\t\t    <a class=\"idromeccard  ib_animation\" href=\"https:\/\/www.idromecspa.com\/fr\/presses-cisailles\/presses-cisailles-cls\/\">\r\n      <img decoding=\"async\" width=\"650\" height=\"450\" src=\"https:\/\/www.idromecspa.com\/wp-content\/uploads\/2025\/07\/shear-balers-cls-series-idromec-spa-three-quarter-view-yard.webp\" class=\"attachment-idromec-product-card size-idromec-product-card\" alt=\"Presse cesoia serie SLK Idromec S.p.A. in un impianto di riciclaggio rottami.\" srcset=\"https:\/\/www.idromecspa.com\/wp-content\/uploads\/2025\/07\/shear-balers-cls-series-idromec-spa-three-quarter-view-yard.webp 650w, https:\/\/www.idromecspa.com\/wp-content\/uploads\/2025\/07\/shear-balers-cls-series-idromec-spa-three-quarter-view-yard-300x208.webp 300w\" sizes=\"(max-width: 650px) 100vw, 650px\" \/>      <span class=\"label\">Presses cisailles CLS<\/span>\r\n    <\/a>\r\n\t\t\t\t<\/div>\n\t\t\t\t<\/div>\n\t\t\t\t<\/div>\n\t\t<div class=\"elementor-element elementor-element-b96e9dd e-con-full e-flex e-con e-child\" data-id=\"b96e9dd\" data-element_type=\"container\" data-e-type=\"container\">\n\t\t\t\t<div class=\"elementor-element elementor-element-e4e76fd elementor-widget elementor-widget-idromec_product_card\" data-id=\"e4e76fd\" data-element_type=\"widget\" data-e-type=\"widget\" data-widget_type=\"idromec_product_card.default\">\n\t\t\t\t<div class=\"elementor-widget-container\">\n\t\t\t\t\t    <a class=\"idromeccard  ib_animation\" href=\"https:\/\/www.idromecspa.com\/fr\/presses-cisailles\/presses-cisailles-cd\/\">\r\n      <img decoding=\"async\" width=\"1480\" height=\"1100\" src=\"https:\/\/www.idromecspa.com\/wp-content\/uploads\/2025\/07\/scrap-metal-shear-balers-cd-remote-control-idromec-spa.webp\" class=\"attachment-idromec-product-card size-idromec-product-card\" alt=\"Presse cesoia CD: radiocomando a distanza per gestione sicura e pratica delle operazioni.\" srcset=\"https:\/\/www.idromecspa.com\/wp-content\/uploads\/2025\/07\/scrap-metal-shear-balers-cd-remote-control-idromec-spa.webp 1480w, https:\/\/www.idromecspa.com\/wp-content\/uploads\/2025\/07\/scrap-metal-shear-balers-cd-remote-control-idromec-spa-300x223.webp 300w, https:\/\/www.idromecspa.com\/wp-content\/uploads\/2025\/07\/scrap-metal-shear-balers-cd-remote-control-idromec-spa-1024x761.webp 1024w, https:\/\/www.idromecspa.com\/wp-content\/uploads\/2025\/07\/scrap-metal-shear-balers-cd-remote-control-idromec-spa-768x571.webp 768w\" sizes=\"(max-width: 1480px) 100vw, 1480px\" \/>      <span class=\"label\">Presses cisailles CD<\/span>\r\n    <\/a>\r\n\t\t\t\t<\/div>\n\t\t\t\t<\/div>\n\t\t\t\t<\/div>\n\t\t<div class=\"elementor-element elementor-element-b905738 e-con-full e-flex e-con e-child\" data-id=\"b905738\" data-element_type=\"container\" data-e-type=\"container\">\n\t\t\t\t<div class=\"elementor-element elementor-element-f9cb149 elementor-widget elementor-widget-idromec_product_card\" data-id=\"f9cb149\" data-element_type=\"widget\" data-e-type=\"widget\" data-widget_type=\"idromec_product_card.default\">\n\t\t\t\t<div class=\"elementor-widget-container\">\n\t\t\t\t\t    <a class=\"idromeccard  ib_animation\" href=\"https:\/\/www.idromecspa.com\/fr\/presses-cisailles\/presses-cisailles-sl\/\">\r\n      <img loading=\"lazy\" decoding=\"async\" width=\"650\" height=\"450\" src=\"https:\/\/www.idromecspa.com\/wp-content\/uploads\/2025\/07\/shear-balers-sl-series-idromec-spa-front-view-processing-metal-scrap.webp\" class=\"attachment-idromec-product-card size-idromec-product-card\" alt=\"Schrottscherenpressen der Serie SL von Idromec S.p.A. im Einsatz beim Schneiden von Altmetall\" srcset=\"https:\/\/www.idromecspa.com\/wp-content\/uploads\/2025\/07\/shear-balers-sl-series-idromec-spa-front-view-processing-metal-scrap.webp 650w, https:\/\/www.idromecspa.com\/wp-content\/uploads\/2025\/07\/shear-balers-sl-series-idromec-spa-front-view-processing-metal-scrap-300x208.webp 300w\" sizes=\"(max-width: 650px) 100vw, 650px\" \/>      <span class=\"label\">Presses cisailles SL<\/span>\r\n    <\/a>\r\n\t\t\t\t<\/div>\n\t\t\t\t<\/div>\n\t\t\t\t<\/div>\n\t\t<div class=\"elementor-element elementor-element-a47f794 e-con-full e-flex e-con e-child\" data-id=\"a47f794\" data-element_type=\"container\" data-e-type=\"container\">\n\t\t\t\t<div class=\"elementor-element elementor-element-d9fc939 elementor-widget elementor-widget-idromec_product_card\" data-id=\"d9fc939\" data-element_type=\"widget\" data-e-type=\"widget\" data-widget_type=\"idromec_product_card.default\">\n\t\t\t\t<div class=\"elementor-widget-container\">\n\t\t\t\t\t    <a class=\"idromeccard  ib_animation\" href=\"https:\/\/www.idromecspa.com\/fr\/presses-cisailles\/cisailles-inclinees-gs\/\">\r\n      <img loading=\"lazy\" decoding=\"async\" width=\"650\" height=\"450\" src=\"https:\/\/www.idromecspa.com\/wp-content\/uploads\/2025\/07\/inclined-shears-gs-series-transportable-metal-scrap-idromec-spa.webp\" class=\"attachment-idromec-product-card size-idromec-product-card\" alt=\"Schr\u00e4gscheren der Serie GS, transportierbar zum Schneiden von Metallschrott Idromec Spa.\" srcset=\"https:\/\/www.idromecspa.com\/wp-content\/uploads\/2025\/07\/inclined-shears-gs-series-transportable-metal-scrap-idromec-spa.webp 650w, https:\/\/www.idromecspa.com\/wp-content\/uploads\/2025\/07\/inclined-shears-gs-series-transportable-metal-scrap-idromec-spa-300x208.webp 300w\" sizes=\"(max-width: 650px) 100vw, 650px\" \/>      <span class=\"label\">Cisailles inclin\u00e9es GS<\/span>\r\n    <\/a>\r\n\t\t\t\t<\/div>\n\t\t\t\t<\/div>\n\t\t\t\t<\/div>\n\t\t\t\t\t<\/div>\n\t\t\t\t<\/div>\n\t\t\t\t<\/div>\n\t\t","protected":false},"excerpt":{"rendered":"<p>Toutes nos presses cisailles sont con\u00e7ues et r\u00e9alis\u00e9es pour offrir le meilleur en termes de performances, de service et de disponibilit\u00e9 des pi\u00e8ces de rechange. Ce sont les objectifs principaux que nous fixons pour chaque presse cisaille et pour chaque nouveau mod\u00e8le, afin de vous garantir une productivit\u00e9 maximale au co\u00fbt le plus bas possible. [&hellip;]<\/p>\n","protected":false},"author":1,"featured_media":3365,"parent":0,"menu_order":100,"comment_status":"closed","ping_status":"closed","template":"","meta":{"inline_featured_image":false,"footnotes":""},"class_list":["post-4686","page","type-page","status-publish","has-post-thumbnail","hentry"],"_links":{"self":[{"href":"https:\/\/www.idromecspa.com\/fr\/wp-json\/wp\/v2\/pages\/4686","targetHints":{"allow":["GET"]}}],"collection":[{"href":"https:\/\/www.idromecspa.com\/fr\/wp-json\/wp\/v2\/pages"}],"about":[{"href":"https:\/\/www.idromecspa.com\/fr\/wp-json\/wp\/v2\/types\/page"}],"author":[{"embeddable":true,"href":"https:\/\/www.idromecspa.com\/fr\/wp-json\/wp\/v2\/users\/1"}],"replies":[{"embeddable":true,"href":"https:\/\/www.idromecspa.com\/fr\/wp-json\/wp\/v2\/comments?post=4686"}],"version-history":[{"count":0,"href":"https:\/\/www.idromecspa.com\/fr\/wp-json\/wp\/v2\/pages\/4686\/revisions"}],"wp:featuredmedia":[{"embeddable":true,"href":"https:\/\/www.idromecspa.com\/fr\/wp-json\/wp\/v2\/media\/3365"}],"wp:attachment":[{"href":"https:\/\/www.idromecspa.com\/fr\/wp-json\/wp\/v2\/media?parent=4686"}],"curies":[{"name":"wp","href":"https:\/\/api.w.org\/{rel}","templated":true}]}}