{"id":4694,"date":"2025-12-05T14:49:55","date_gmt":"2025-12-05T13:49:55","guid":{"rendered":"https:\/\/www.idromecspa.com\/?page_id=4694"},"modified":"2025-12-15T09:46:30","modified_gmt":"2025-12-15T08:46:30","slug":"presses","status":"publish","type":"page","link":"https:\/\/www.idromecspa.com\/fr\/presses\/","title":{"rendered":"Presses"},"content":{"rendered":"\t\t<div data-elementor-type=\"wp-page\" data-elementor-id=\"4694\" class=\"elementor elementor-4694 elementor-131\" data-elementor-post-type=\"page\">\n\t\t\t\t<div class=\"elementor-element elementor-element-3dcc93b7 e-flex e-con-boxed e-con e-parent\" data-id=\"3dcc93b7\" data-element_type=\"container\" data-e-type=\"container\">\n\t\t\t\t\t<div class=\"e-con-inner\">\n\t\t\t\t<div class=\"elementor-element elementor-element-7b0c0b96 elementor-widget elementor-widget-text-editor\" data-id=\"7b0c0b96\" data-element_type=\"widget\" data-e-type=\"widget\" data-widget_type=\"text-editor.default\">\n\t\t\t\t\t\t\t\t\t<p>Toutes nos presses sont con\u00e7ues et r\u00e9alis\u00e9es pour offrir les meilleures performances, une assistance optimale et une disponibilit\u00e9 compl\u00e8te des pi\u00e8ces de rechange.<br \/>Ce sont les objectifs principaux que nous fixons pour chaque presse et chaque nouveau mod\u00e8le, afin de vous <strong>garantir la combinaison id\u00e9ale entre innovation et efficacit\u00e9 productive au co\u00fbt le plus bas possible.<\/strong><\/p>\t\t\t\t\t\t\t\t<\/div>\n\t\t\t\t\t<\/div>\n\t\t\t\t<\/div>\n\t\t<div class=\"elementor-element elementor-element-49b5620 e-grid e-con-boxed e-con e-parent\" data-id=\"49b5620\" data-element_type=\"container\" data-e-type=\"container\">\n\t\t\t\t\t<div class=\"e-con-inner\">\n\t\t<div class=\"elementor-element elementor-element-a47f794 e-con-full e-flex e-con e-child\" data-id=\"a47f794\" data-element_type=\"container\" data-e-type=\"container\">\n\t\t\t\t<div class=\"elementor-element elementor-element-d9fc939 elementor-widget elementor-widget-idromec_product_card\" data-id=\"d9fc939\" data-element_type=\"widget\" data-e-type=\"widget\" data-widget_type=\"idromec_product_card.default\">\n\t\t\t\t<div class=\"elementor-widget-container\">\n\t\t\t\t\t    <a class=\"idromeccard  ib_animation\" href=\"https:\/\/www.idromecspa.com\/fr\/presses\/presses-pour-metaux\/\">\r\n      <img fetchpriority=\"high\" decoding=\"async\" width=\"650\" height=\"450\" src=\"https:\/\/www.idromecspa.com\/wp-content\/uploads\/2025\/07\/metal-baler-green-powerful-efficient-in-action-compacting-scrap-idromec-spa.webp\" class=\"attachment-idromec-product-card size-idromec-product-card\" alt=\"Gr\u00fcne Idromec Schrottpresse in Recyclinganlage verdichtet leichten Metallschrott zu dichten und festen Paketen\" srcset=\"https:\/\/www.idromecspa.com\/wp-content\/uploads\/2025\/07\/metal-baler-green-powerful-efficient-in-action-compacting-scrap-idromec-spa.webp 650w, https:\/\/www.idromecspa.com\/wp-content\/uploads\/2025\/07\/metal-baler-green-powerful-efficient-in-action-compacting-scrap-idromec-spa-300x208.webp 300w\" sizes=\"(max-width: 650px) 100vw, 650px\" \/>      <span class=\"label\">Presses pour m\u00e9taux<\/span>\r\n    <\/a>\r\n\t\t\t\t<\/div>\n\t\t\t\t<\/div>\n\t\t\t\t<\/div>\n\t\t<div class=\"elementor-element elementor-element-b96e9dd e-con-full e-flex e-con e-child\" data-id=\"b96e9dd\" data-element_type=\"container\" data-e-type=\"container\">\n\t\t\t\t<div class=\"elementor-element elementor-element-e4e76fd elementor-widget elementor-widget-idromec_product_card\" data-id=\"e4e76fd\" data-element_type=\"widget\" data-e-type=\"widget\" data-widget_type=\"idromec_product_card.default\">\n\t\t\t\t<div class=\"elementor-widget-container\">\n\t\t\t\t\t    <a class=\"idromeccard  ib_animation\" href=\"https:\/\/www.idromecspa.com\/fr\/presses\/presses-pour-voitures\/\">\r\n      <img decoding=\"async\" width=\"650\" height=\"450\" src=\"https:\/\/www.idromecspa.com\/wp-content\/uploads\/2025\/07\/car-scrap-baler-high-performance-idromec-spa-compacting-whole-vehicles.webp\" class=\"attachment-idromec-product-card size-idromec-product-card\" alt=\"Idromec Autoschrottpresse verdichtet ein komplettes Fahrzeug mit hoher Leistung und Produktivit\u00e4t f\u00fcr Demontageanlagen\" srcset=\"https:\/\/www.idromecspa.com\/wp-content\/uploads\/2025\/07\/car-scrap-baler-high-performance-idromec-spa-compacting-whole-vehicles.webp 650w, https:\/\/www.idromecspa.com\/wp-content\/uploads\/2025\/07\/car-scrap-baler-high-performance-idromec-spa-compacting-whole-vehicles-300x208.webp 300w\" sizes=\"(max-width: 650px) 100vw, 650px\" \/>      <span class=\"label\">Presses pour la d\u00e9molition automobile<\/span>\r\n    <\/a>\r\n\t\t\t\t<\/div>\n\t\t\t\t<\/div>\n\t\t\t\t<\/div>\n\t\t<div class=\"elementor-element elementor-element-5d8af4d e-con-full e-flex e-con e-child\" data-id=\"5d8af4d\" data-element_type=\"container\" data-e-type=\"container\">\n\t\t\t\t<div class=\"elementor-element elementor-element-90bb91f elementor-widget elementor-widget-idromec_product_card\" data-id=\"90bb91f\" data-element_type=\"widget\" data-e-type=\"widget\" data-widget_type=\"idromec_product_card.default\">\n\t\t\t\t<div class=\"elementor-widget-container\">\n\t\t\t\t\t    <a class=\"idromeccard  ib_animation\" href=\"https:\/\/www.idromecspa.com\/fr\/presses\/presse-dechets-pr27\/\">\r\n      <img decoding=\"async\" width=\"650\" height=\"450\" src=\"https:\/\/www.idromecspa.com\/wp-content\/uploads\/2025\/07\/waste-baler-pr27-compacting-mixed-materials-efficient-idromec-spa.webp\" class=\"attachment-idromec-product-card size-idromec-product-card\" alt=\"Idromec PR27 Abfallpresse verdichtet Mischmaterialien wie Kunststoff, Holz, Textilien, Gummi und Karton\" srcset=\"https:\/\/www.idromecspa.com\/wp-content\/uploads\/2025\/07\/waste-baler-pr27-compacting-mixed-materials-efficient-idromec-spa.webp 650w, https:\/\/www.idromecspa.com\/wp-content\/uploads\/2025\/07\/waste-baler-pr27-compacting-mixed-materials-efficient-idromec-spa-300x208.webp 300w\" sizes=\"(max-width: 650px) 100vw, 650px\" \/>      <span class=\"label\">Presses pour d\u00e9chets PR27<\/span>\r\n    <\/a>\r\n\t\t\t\t<\/div>\n\t\t\t\t<\/div>\n\t\t\t\t<\/div>\n\t\t<div class=\"elementor-element elementor-element-ed6f31b e-con-full e-flex e-con e-child\" data-id=\"ed6f31b\" data-element_type=\"container\" data-e-type=\"container\">\n\t\t\t\t<div class=\"elementor-element elementor-element-4350ed0 elementor-widget elementor-widget-idromec_product_card\" data-id=\"4350ed0\" data-element_type=\"widget\" data-e-type=\"widget\" data-widget_type=\"idromec_product_card.default\">\n\t\t\t\t<div class=\"elementor-widget-container\">\n\t\t\t\t\t    <a class=\"idromeccard  ib_animation\" href=\"https:\/\/www.idromecspa.com\/fr\/presses\/presses-a-3-compresseurs-ihd-3c\/\">\r\n      <img loading=\"lazy\" decoding=\"async\" width=\"650\" height=\"450\" src=\"https:\/\/www.idromecspa.com\/wp-content\/uploads\/2025\/07\/three-compression-baler-ihd-3c-efficient-powerful-idromec-spa.webp\" class=\"attachment-idromec-product-card size-idromec-product-card\" alt=\"Blaue Idromec IHD-3C Drei-Kompressionspresse, Ansicht von unten in Werkshalle, robuste Hochleistungsstruktur\" srcset=\"https:\/\/www.idromecspa.com\/wp-content\/uploads\/2025\/07\/three-compression-baler-ihd-3c-efficient-powerful-idromec-spa.webp 650w, https:\/\/www.idromecspa.com\/wp-content\/uploads\/2025\/07\/three-compression-baler-ihd-3c-efficient-powerful-idromec-spa-300x208.webp 300w\" sizes=\"(max-width: 650px) 100vw, 650px\" \/>      <span class=\"label\">Presses \u00e0 trois compressions IHD-3C<\/span>\r\n    <\/a>\r\n\t\t\t\t<\/div>\n\t\t\t\t<\/div>\n\t\t\t\t<\/div>\n\t\t\t\t\t<\/div>\n\t\t\t\t<\/div>\n\t\t\t\t<\/div>\n\t\t","protected":false},"excerpt":{"rendered":"<p>Toutes nos presses sont con\u00e7ues et r\u00e9alis\u00e9es pour offrir les meilleures performances, une assistance optimale et une disponibilit\u00e9 compl\u00e8te des pi\u00e8ces de rechange.Ce sont les objectifs principaux que nous fixons pour chaque presse et chaque nouveau mod\u00e8le, afin de vous garantir la combinaison id\u00e9ale entre innovation et efficacit\u00e9 productive au co\u00fbt le plus bas possible. [&hellip;]<\/p>\n","protected":false},"author":1,"featured_media":3804,"parent":0,"menu_order":110,"comment_status":"closed","ping_status":"closed","template":"","meta":{"inline_featured_image":false,"footnotes":""},"class_list":["post-4694","page","type-page","status-publish","has-post-thumbnail","hentry"],"_links":{"self":[{"href":"https:\/\/www.idromecspa.com\/fr\/wp-json\/wp\/v2\/pages\/4694","targetHints":{"allow":["GET"]}}],"collection":[{"href":"https:\/\/www.idromecspa.com\/fr\/wp-json\/wp\/v2\/pages"}],"about":[{"href":"https:\/\/www.idromecspa.com\/fr\/wp-json\/wp\/v2\/types\/page"}],"author":[{"embeddable":true,"href":"https:\/\/www.idromecspa.com\/fr\/wp-json\/wp\/v2\/users\/1"}],"replies":[{"embeddable":true,"href":"https:\/\/www.idromecspa.com\/fr\/wp-json\/wp\/v2\/comments?post=4694"}],"version-history":[{"count":0,"href":"https:\/\/www.idromecspa.com\/fr\/wp-json\/wp\/v2\/pages\/4694\/revisions"}],"wp:featuredmedia":[{"embeddable":true,"href":"https:\/\/www.idromecspa.com\/fr\/wp-json\/wp\/v2\/media\/3804"}],"wp:attachment":[{"href":"https:\/\/www.idromecspa.com\/fr\/wp-json\/wp\/v2\/media?parent=4694"}],"curies":[{"name":"wp","href":"https:\/\/api.w.org\/{rel}","templated":true}]}}