{"id":4738,"date":"2025-12-05T15:45:39","date_gmt":"2025-12-05T14:45:39","guid":{"rendered":"https:\/\/www.idromecspa.com\/?page_id=4738"},"modified":"2026-04-08T09:10:42","modified_gmt":"2026-04-08T07:10:42","slug":"privacy","status":"publish","type":"page","link":"https:\/\/www.idromecspa.com\/fr\/privacy\/","title":{"rendered":"Confidentialit\u00e9"},"content":{"rendered":"\n<p><strong>NOTE D\u2019INFORMATION RELATIVE AU TRAITEMENT DES DONN\u00c9ES \u00c0 CARACT\u00c8RE PERSONNEL<\/strong><br><strong>conform\u00e9ment \u00e0 l&rsquo;art. 13 du R\u00e8glement (UE) 2016\/679 (RGPD)<\/strong><\/p>\n\n\n\n<p>La pr\u00e9sente note d&rsquo;information d\u00e9crit la mani\u00e8re dont Idromec S.p.A. traite les donn\u00e9es \u00e0 caract\u00e8re personnel des utilisateurs qui interagissent avec le site Web <a href=\"http:\/\/www.idromecspa.com\">www.idromecspa.com<\/a> (le \u00ab&nbsp;site&nbsp;\u00bb).<\/p>\n\n\n\n<h2 class=\"wp-block-heading\">1. Responsable du traitement<\/h2>\n\n\n\n<p>Le responsable du traitement est la soci\u00e9t\u00e9 Idromec S.p.A., dont le si\u00e8ge social est situ\u00e9 \u00e0 Mozzecane (VR), via Roma n\u00b0 23&nbsp;; adresse e-mail de contact&nbsp;: <a href=\"mailto:info@idromecspa.com\">info@idromecspa.com<\/a><\/p>\n\n\n\n<h2 class=\"wp-block-heading\">2. Types de donn\u00e9es trait\u00e9es, finalit\u00e9s et base l\u00e9gale<\/h2>\n\n\n\n<ol style=\"list-style-type:lower-alpha\" class=\"wp-block-list\">\n<li><strong>Donn\u00e9es fournies volontairement par l&rsquo;utilisateur (Formulaire de contact)<\/strong><br>Le renseignement et l&rsquo;envoi facultatif, explicite et volontaire du formulaire de contact pr\u00e9sent sur le site implique l&rsquo;acquisition ult\u00e9rieure des donn\u00e9es fournies par l&rsquo;utilisateur (par exemple, pr\u00e9nom, nom, e-mail, soci\u00e9t\u00e9, contenu du message), le tout conform\u00e9ment aux informations sp\u00e9cifiques fournies \u00e0 l&rsquo;utilisateur lors du renseignement du formulaire.<br><\/li>\n\n\n\n<li><strong>Donn\u00e9es fournies volontairement par l&rsquo;utilisateur (formulaire newsletter)<\/strong><br>L&rsquo;inscription facultative, explicite et volontaire au service de newsletter au moyen du formulaire appropri\u00e9 sur le site implique l&rsquo;acquisition de l&rsquo;adresse e-mail de l&rsquo;utilisateur. Cette donn\u00e9e est trait\u00e9e \u00e0 des fins de marketing direct, c&rsquo;est-\u00e0-dire pour l&rsquo;envoi de communications promotionnelles et d&rsquo;informations concernant nos produits et services. La base l\u00e9gale de ce traitement est le consentement sp\u00e9cifique de la personne concern\u00e9e. Pour plus de d\u00e9tails, veuillez vous r\u00e9f\u00e9rer \u00e0 la note d&rsquo;information sp\u00e9cifique fournie \u00e0 l&rsquo;utilisateur lors de l&rsquo;inscription.<br><\/li>\n\n\n\n<li><strong>Donn\u00e9es collect\u00e9es par le biais de cookies<\/strong><br>Pour le traitement des donn\u00e9es collect\u00e9es par le biais de cookies, veuillez vous r\u00e9f\u00e9rer \u00e0 la politique sp\u00e9cifique en mati\u00e8re de cookies du Site.<\/li>\n<\/ol>\n\n\n\n<h2 class=\"wp-block-heading\">3. Modalit\u00e9s et dur\u00e9e du traitement et droits de la personne concern\u00e9e<\/h2>\n\n\n\n<p>Sur ce point, il est fait r\u00e9f\u00e9rence aux notes d\u2019information vis\u00e9es aux points 2.a) et 2.b) ci-dessus.<\/p>\n","protected":false},"excerpt":{"rendered":"<p>NOTE D\u2019INFORMATION RELATIVE AU TRAITEMENT DES DONN\u00c9ES \u00c0 CARACT\u00c8RE PERSONNELconform\u00e9ment \u00e0 l&rsquo;art. 13 du R\u00e8glement (UE) 2016\/679 (RGPD) La pr\u00e9sente note d&rsquo;information d\u00e9crit la mani\u00e8re dont Idromec S.p.A. traite les donn\u00e9es \u00e0 caract\u00e8re personnel des utilisateurs qui interagissent avec le site Web www.idromecspa.com (le \u00ab&nbsp;site&nbsp;\u00bb). 1. Responsable du traitement Le responsable du traitement est la [&hellip;]<\/p>\n","protected":false},"author":1,"featured_media":0,"parent":0,"menu_order":202,"comment_status":"closed","ping_status":"closed","template":"","meta":{"inline_featured_image":false,"footnotes":""},"class_list":["post-4738","page","type-page","status-publish","hentry"],"_links":{"self":[{"href":"https:\/\/www.idromecspa.com\/fr\/wp-json\/wp\/v2\/pages\/4738","targetHints":{"allow":["GET"]}}],"collection":[{"href":"https:\/\/www.idromecspa.com\/fr\/wp-json\/wp\/v2\/pages"}],"about":[{"href":"https:\/\/www.idromecspa.com\/fr\/wp-json\/wp\/v2\/types\/page"}],"author":[{"embeddable":true,"href":"https:\/\/www.idromecspa.com\/fr\/wp-json\/wp\/v2\/users\/1"}],"replies":[{"embeddable":true,"href":"https:\/\/www.idromecspa.com\/fr\/wp-json\/wp\/v2\/comments?post=4738"}],"version-history":[{"count":1,"href":"https:\/\/www.idromecspa.com\/fr\/wp-json\/wp\/v2\/pages\/4738\/revisions"}],"predecessor-version":[{"id":7137,"href":"https:\/\/www.idromecspa.com\/fr\/wp-json\/wp\/v2\/pages\/4738\/revisions\/7137"}],"wp:attachment":[{"href":"https:\/\/www.idromecspa.com\/fr\/wp-json\/wp\/v2\/media?parent=4738"}],"curies":[{"name":"wp","href":"https:\/\/api.w.org\/{rel}","templated":true}]}}