{"id":4742,"date":"2025-12-05T16:05:37","date_gmt":"2025-12-05T15:05:37","guid":{"rendered":"https:\/\/www.idromecspa.com\/?page_id=4742"},"modified":"2026-04-20T14:29:21","modified_gmt":"2026-04-20T12:29:21","slug":"cookies","status":"publish","type":"page","link":"https:\/\/www.idromecspa.com\/fr\/cookies\/","title":{"rendered":"Cookies"},"content":{"rendered":"\n<p>Les modalit\u00e9s de gestion du site www.idromecspa.com (\u00ab&nbsp;Site&nbsp;\u00bb) en ce qui concerne l\u2019utilisation des cookies et le traitement correspondant des donn\u00e9es \u00e0 caract\u00e8re personnel des utilisateurs qui le consultent sont d\u00e9crites ci-dessous. La pr\u00e9sente note d\u2019information est fournie conform\u00e9ment aux articles 12 et 13 du R\u00e8glement (UE) 2016\/679 (RGPD) et aux \u00ab&nbsp;Lignes directrices sur les cookies et autres outils de suivi&nbsp;\u00bb du Garant pour la protection des donn\u00e9es \u00e0 caract\u00e8re personnel du 10 juin 2021 (\u00ab&nbsp;Lignes directrices&nbsp;\u00bb).<\/p>\n\n\n\n<h2 class=\"wp-block-heading\">1. Responsable du traitement<\/h2>\n\n\n\n<p>Le Responsable du traitement des donn\u00e9es \u00e0 caract\u00e8re personnel est la soci\u00e9t\u00e9 Idromec S.p.A., dont le si\u00e8ge social est sis \u00e0 Mozzecane (VR), via Roma n \u00b0 23, disponible \u00e0 l\u2019adresse \u00e9lectronique suivante\u00a0: <a href=\"mailto:info@idromecspa.com\">info@idromecspa.com<\/a>.<\/p>\n\n\n\n<h2 class=\"wp-block-heading\">2. Que sont les cookies et \u00e0 quelles fins nous les utilisons<\/h2>\n\n\n\n<p>Les cookies sont de petites cha\u00eenes de texte que les sites consult\u00e9s par l\u2019utilisateur envoient \u00e0 son terminal, o\u00f9 ils sont stock\u00e9s pour \u00eatre ensuite retransmis aux m\u00eames sites lors de la prochaine visite du m\u00eame utilisateur. Ce site utilise les types de cookies suivants\u00a0:<\/p>\n\n\n\n<p><strong>Cookies techniques&nbsp;:<\/strong> Ces cookies sont essentiels pour permettre la navigation sur le Site et l\u2019utilisation de ses fonctionnalit\u00e9s, telles que l\u2019acc\u00e8s aux zones s\u00e9curis\u00e9es. Sans ces cookies, le Site ne pourrait pas fonctionner correctement. Ils ne n\u00e9cessitent pas le consentement de l\u2019utilisateur.<\/p>\n\n\n\n<p><em>Base juridique&nbsp;:<\/em> L\u2019int\u00e9r\u00eat l\u00e9gitime du Responsable (art. 6, par. 1, lettre f) du RGPD) d\u2019assurer le bon fonctionnement du Site.<\/p>\n\n\n\n<p><strong>Cookies analytiques (ou statistiques)&nbsp;:<\/strong> Ces cookies collectent des informations sur la mani\u00e8re dont les utilisateurs interagissent avec le Site (par exemple, le nombre de visiteurs, les pages consult\u00e9es, le temps pass\u00e9 sur le Site). Nous utilisons ces cookies \u00e0 des fins statistiques, en vue d\u2019am\u00e9liorer nos services. Le consentement pr\u00e9alable de l\u2019utilisateur est requis pour installer ces cookies&nbsp;; par d\u00e9faut, le Site n\u2019utilise pas ce type de cookies.<\/p>\n\n\n\n<p><em>Base juridique&nbsp;:<\/em> consentement de la personne concern\u00e9e (art. 6, par. 1, lettre a) du RGPD).<\/p>\n\n\n\n<p><strong>Cookies de marketing et pr\u00e9f\u00e9rences&nbsp;:<\/strong> Ces cookies sont utilis\u00e9s pour suivre la navigation de l\u2019utilisateur sur le web et ses pr\u00e9f\u00e9rences. Avec ces cookies, des messages publicitaires peuvent \u00eatre transmis au terminal de l\u2019utilisateur conform\u00e9ment aux pr\u00e9f\u00e9rences d\u00e9j\u00e0 exprim\u00e9es par l\u2019utilisateur lui-m\u00eame lors de la navigation en ligne. Le consentement pr\u00e9alable de l\u2019utilisateur est requis pour l\u2019installation de ces cookies.<\/p>\n\n\n\n<p><em>Base juridique&nbsp;:<\/em> consentement de la personne concern\u00e9e (art. 6, par. 1, lettre a) du RGPD).<\/p>\n\n\n\n<h2 class=\"wp-block-heading\">3. D\u00e9tail des cookies utilis\u00e9s<\/h2>\n\n\n\n<p>Lors du premier acc\u00e8s au Site, l\u2019utilisateur a la possibilit\u00e9 de choisir les cookies \u00e0 installer via une banni\u00e8re sp\u00e9ciale. Vous trouverez ci-dessous le d\u00e9tail des cookies utilis\u00e9s, rassembl\u00e9s par finalit\u00e9\u00a0:<\/p>\n\n\n\n<script data-culture=\"fr\" id=\"CookieDeclaration\" src=\"https:\/\/consent.cookiebot.com\/d07948f8-70a7-4420-b60d-d69fa6a9c7dc\/cd.js\" type=\"text\/javascript\" async><\/script>\n\n\n\n<h2 class=\"wp-block-heading\">4. Nature de la fourniture des donn\u00e9es et cons\u00e9quences du refus du consentement<\/h2>\n\n\n\n<p>La fourniture de donn\u00e9es par le biais de cookies techniques est n\u00e9cessaire \u00e0 la navigation sur le Site. La fourniture de donn\u00e9es par le biais de cookies analytiques et de marketing et de pr\u00e9f\u00e9rences est facultative. L\u2019utilisateur peut refuser le consentement \u00e0 ces cookies sans que cela n\u2019affecte sa possibilit\u00e9 de naviguer et d\u2019utiliser les contenus du Site. L\u2019absence de consentement comportera uniquement l\u2019impossibilit\u00e9 pour le Responsable d\u2019effectuer des analyses statistiques et d\u2019envoyer \u00e0 l\u2019utilisateur des communications personnalis\u00e9es.<\/p>\n\n\n\n<h2 class=\"wp-block-heading\">5. Gestion et retrait du consentement<\/h2>\n\n\n\n<p>Chaque utilisateur peut g\u00e9rer, modifier ou retirer son consentement \u00e0 tout moment en utilisant la commande pr\u00e9vue \u00e0 cet effet sur cette page.<\/p>\n\n\n\n<h2 class=\"wp-block-heading\">6. Dur\u00e9e de conservation des donn\u00e9es<\/h2>\n\n\n\n<p>La dur\u00e9e de chaque cookie est indiqu\u00e9e dans le tableau d\u00e9taill\u00e9 au point 3.<\/p>\n\n\n\n<h2 class=\"wp-block-heading\">7. Destinataires des donn\u00e9es<\/h2>\n\n\n\n<p>Les donn\u00e9es collect\u00e9es par le biais de cookies pourront \u00eatre trait\u00e9es par du personnel interne autoris\u00e9 par le Responsable. Ils peuvent \u00e9galement \u00eatre communiqu\u00e9s \u00e0 des tiers (par exemple, des fournisseurs de services techniques, des fournisseurs de plateformes de cookies tels que Google et Matomo) qui agissent g\u00e9n\u00e9ralement en tant que Sous-traitants du traitement conform\u00e9ment \u00e0 l\u2019art. 28 du RGPD. La liste mise \u00e0 jour des Sous-traitants peut \u00eatre demand\u00e9e au Responsable.<\/p>\n\n\n\n<h2 class=\"wp-block-heading\">8. Droits de la personne concern\u00e9e<\/h2>\n\n\n\n<p>En tant que personne concern\u00e9e, chaque utilisateur a le droit d\u2019exercer les droits pr\u00e9vus aux articles 15 \u00e0 22 du RGPD, y compris le droit d\u2019acc\u00e8s (art. 15), pour obtenir la confirmation qu\u2019un traitement de donn\u00e9es le concernant est en cours et, dans ce cas, acc\u00e9der \u00e0 ces donn\u00e9es\u00a0; le droit de rectification (art. 16), pour obtenir la rectification des donn\u00e9es \u00e0 caract\u00e8re personnel inexactes\u00a0; le droit \u00e0 l\u2019effacement (\u00ab\u00a0droit \u00e0 l\u2019oubli\u00a0\u00bb, art. 17), pour obtenir la suppression des donn\u00e9es \u00e0 caract\u00e8re personnel, dans les cas pr\u00e9vus par la loi\u00a0; le droit de limitation du traitement (art. 18), pour obtenir la limitation du traitement\u00a0; le droit d\u2019opposition (art. 21), pour s\u2019opposer \u00e0 tout moment au traitement des donn\u00e9es \u00e0 caract\u00e8re personnel. Pour exercer ces droits, chaque utilisateur peut envoyer une communication \u00e0 l\u2019adresse \u00e9lectronique du Responsable\u00a0: <a href=\"mailto:info@idromecspa.com\">info@idromecspa.com<\/a>. Si vous consid\u00e9rez que le traitement de vos donn\u00e9es \u00e0 caract\u00e8re personnel est effectu\u00e9 en violation des dispositions du RGPD, vous avez le droit de d\u00e9poser une plainte aupr\u00e8s de l\u2019Autorit\u00e9 de contr\u00f4le de la protection des donn\u00e9es \u00e0 caract\u00e8re personnel (<a href=\"http:\/\/www.gpdp.it\/\" target=\"_blank\" rel=\"noopener\">www.gpdp.it<\/a>), conform\u00e9ment \u00e0 l\u2019art. 77 du R\u00e8glement lui-m\u00eame, ou de saisir les instances judiciaires appropri\u00e9es.<\/p>\n","protected":false},"excerpt":{"rendered":"<p>Les modalit\u00e9s de gestion du site www.idromecspa.com (\u00ab&nbsp;Site&nbsp;\u00bb) en ce qui concerne l\u2019utilisation des cookies et le traitement correspondant des donn\u00e9es \u00e0 caract\u00e8re personnel des utilisateurs qui le consultent sont d\u00e9crites ci-dessous. La pr\u00e9sente note d\u2019information est fournie conform\u00e9ment aux articles 12 et 13 du R\u00e8glement (UE) 2016\/679 (RGPD) et aux \u00ab&nbsp;Lignes directrices sur les [&hellip;]<\/p>\n","protected":false},"author":1,"featured_media":0,"parent":0,"menu_order":204,"comment_status":"closed","ping_status":"closed","template":"","meta":{"inline_featured_image":false,"footnotes":""},"class_list":["post-4742","page","type-page","status-publish","hentry"],"_links":{"self":[{"href":"https:\/\/www.idromecspa.com\/fr\/wp-json\/wp\/v2\/pages\/4742","targetHints":{"allow":["GET"]}}],"collection":[{"href":"https:\/\/www.idromecspa.com\/fr\/wp-json\/wp\/v2\/pages"}],"about":[{"href":"https:\/\/www.idromecspa.com\/fr\/wp-json\/wp\/v2\/types\/page"}],"author":[{"embeddable":true,"href":"https:\/\/www.idromecspa.com\/fr\/wp-json\/wp\/v2\/users\/1"}],"replies":[{"embeddable":true,"href":"https:\/\/www.idromecspa.com\/fr\/wp-json\/wp\/v2\/comments?post=4742"}],"version-history":[{"count":1,"href":"https:\/\/www.idromecspa.com\/fr\/wp-json\/wp\/v2\/pages\/4742\/revisions"}],"predecessor-version":[{"id":7210,"href":"https:\/\/www.idromecspa.com\/fr\/wp-json\/wp\/v2\/pages\/4742\/revisions\/7210"}],"wp:attachment":[{"href":"https:\/\/www.idromecspa.com\/fr\/wp-json\/wp\/v2\/media?parent=4742"}],"curies":[{"name":"wp","href":"https:\/\/api.w.org\/{rel}","templated":true}]}}